{"id":24,"date":"2017-09-14T22:10:19","date_gmt":"2017-09-14T22:10:19","guid":{"rendered":"http:\/\/wordpress-store-template.24sevenoffice.com\/?page_id=24"},"modified":"2017-11-23T08:45:16","modified_gmt":"2017-11-23T08:45:16","slug":"welcome","status":"publish","type":"page","link":"https:\/\/supersindre.superbutikk.no\/","title":{"rendered":"Velkommen"},"content":{"rendered":"<p>Dette er din hjemmeside som det f\u00f8rste kunder ser n\u00e5r de bes\u00f8ker din nettbutikk.<\/p>\n<p>Du endrer enkelt denne teksten via &laquo;sider&raquo; p\u00e5 ditt dashboard.<\/p>\n<p>&nbsp;<\/p>\n<p>Lykke til!<\/p>\n","protected":false},"excerpt":{"rendered":"<p>Dette er din hjemmeside som det f\u00f8rste kunder ser n\u00e5r de bes\u00f8ker din nettbutikk. Du endrer enkelt denne teksten via &laquo;sider&raquo; p\u00e5 ditt dashboard. &nbsp; Lykke til!<\/p>\n","protected":false},"author":1,"featured_media":20,"parent":0,"menu_order":0,"comment_status":"closed","ping_status":"closed","template":"template-homepage.php","meta":{"footnotes":""},"class_list":["post-24","page","type-page","status-publish","has-post-thumbnail","hentry"],"_links":{"self":[{"href":"https:\/\/supersindre.superbutikk.no\/index.php?rest_route=\/wp\/v2\/pages\/24","targetHints":{"allow":["GET"]}}],"collection":[{"href":"https:\/\/supersindre.superbutikk.no\/index.php?rest_route=\/wp\/v2\/pages"}],"about":[{"href":"https:\/\/supersindre.superbutikk.no\/index.php?rest_route=\/wp\/v2\/types\/page"}],"author":[{"embeddable":true,"href":"https:\/\/supersindre.superbutikk.no\/index.php?rest_route=\/wp\/v2\/users\/1"}],"replies":[{"embeddable":true,"href":"https:\/\/supersindre.superbutikk.no\/index.php?rest_route=%2Fwp%2Fv2%2Fcomments&post=24"}],"version-history":[{"count":3,"href":"https:\/\/supersindre.superbutikk.no\/index.php?rest_route=\/wp\/v2\/pages\/24\/revisions"}],"predecessor-version":[{"id":53,"href":"https:\/\/supersindre.superbutikk.no\/index.php?rest_route=\/wp\/v2\/pages\/24\/revisions\/53"}],"wp:featuredmedia":[{"embeddable":true,"href":"https:\/\/supersindre.superbutikk.no\/index.php?rest_route=\/wp\/v2\/media\/20"}],"wp:attachment":[{"href":"https:\/\/supersindre.superbutikk.no\/index.php?rest_route=%2Fwp%2Fv2%2Fmedia&parent=24"}],"curies":[{"name":"wp","href":"https:\/\/api.w.org\/{rel}","templated":true}]}}